{"id":7348,"date":"2019-01-13T13:57:20","date_gmt":"2019-01-13T12:57:20","guid":{"rendered":"http:\/\/www.vom-sonnenbusch.eu\/?page_id=7348"},"modified":"2021-10-23T19:13:01","modified_gmt":"2021-10-23T17:13:01","slug":"malteser","status":"publish","type":"page","link":"https:\/\/www.vom-sonnenbusch.eu\/?page_id=7348","title":{"rendered":"Malteser  A Wurf"},"content":{"rendered":"<h6 style=\"text-align: left;\">Nomination Chloe Bell<br \/>\n&#8222;Kira&#8220;<\/h6>\n<p><span class=\"auto-style2\">Geboren: 02.02.2018<\/span><br class=\"auto-style2\" \/><span class=\"auto-style2\">Farbe: wei\u00df<\/span><br class=\"auto-style2\" \/><span class=\"auto-style2\">Vater: Romantic Show Intenso Bliss<\/span><br class=\"auto-style2\" \/><span class=\"auto-style2\">Mutter: Nomination Esprit<\/span><br class=\"auto-style2\" \/><span class=\"auto-style2\">Ahnentafel: Verband Deutscher Kleinhundez\u00fcchter e.V. im VDH (FCI)<\/span><\/p>\n<p>Ausstellung 22.09.2019 in Oer-Erkenschwick<\/p>\n<p>&nbsp;<\/p>\n<p><a href=\"http:\/\/www.vom-sonnenbusch.eu\/wp-content\/uploads\/IMG_20190120_140006.jpg\" rel=\"lightbox[7348]\"><img loading=\"lazy\" class=\"aligncenter wp-image-7412 size-medium\" src=\"http:\/\/www.vom-sonnenbusch.eu\/wp-content\/uploads\/IMG_20190120_140006-300x262.jpg\" alt=\"\" width=\"300\" height=\"262\" srcset=\"https:\/\/www.vom-sonnenbusch.eu\/wp-content\/uploads\/IMG_20190120_140006-300x262.jpg 300w, https:\/\/www.vom-sonnenbusch.eu\/wp-content\/uploads\/IMG_20190120_140006-768x671.jpg 768w, https:\/\/www.vom-sonnenbusch.eu\/wp-content\/uploads\/IMG_20190120_140006-1024x895.jpg 1024w, https:\/\/www.vom-sonnenbusch.eu\/wp-content\/uploads\/IMG_20190120_140006-1200x1049.jpg 1200w\" sizes=\"(max-width: 300px) 85vw, 300px\" \/><\/a><\/p>\n<p>&nbsp;<\/p>\n<div id='gallery-1' class='gallery galleryid-7348 gallery-columns-3 gallery-size-thumbnail'><figure class='gallery-item'>\n\t\t\t<div class='gallery-icon portrait'>\n\t\t\t\t<a href='https:\/\/www.vom-sonnenbusch.eu\/wp-content\/uploads\/IMG_20190120_135422.jpg' rel=\"lightbox[7348]\"><img width=\"150\" height=\"150\" src=\"https:\/\/www.vom-sonnenbusch.eu\/wp-content\/uploads\/IMG_20190120_135422-150x150.jpg\" class=\"attachment-thumbnail size-thumbnail\" alt=\"\" loading=\"lazy\" aria-describedby=\"gallery-1-7416\" \/><\/a>\n\t\t\t<\/div>\n\t\t\t\t<figcaption class='wp-caption-text gallery-caption' id='gallery-1-7416'>\n\t\t\t\tKira\n\t\t\t\t<\/figcaption><\/figure><figure class='gallery-item'>\n\t\t\t<div class='gallery-icon landscape'>\n\t\t\t\t<a href='https:\/\/www.vom-sonnenbusch.eu\/wp-content\/uploads\/2019\/02\/Kira_1.jpg' rel=\"lightbox[7348]\"><img width=\"150\" height=\"150\" src=\"https:\/\/www.vom-sonnenbusch.eu\/wp-content\/uploads\/2019\/02\/Kira_1-150x150.jpg\" class=\"attachment-thumbnail size-thumbnail\" alt=\"\" loading=\"lazy\" \/><\/a>\n\t\t\t<\/div><\/figure><figure class='gallery-item'>\n\t\t\t<div class='gallery-icon landscape'>\n\t\t\t\t<a href='https:\/\/www.vom-sonnenbusch.eu\/wp-content\/uploads\/IMG_4045-Kopie-e1549129889520.jpg' rel=\"lightbox[7348]\"><img width=\"150\" height=\"150\" src=\"https:\/\/www.vom-sonnenbusch.eu\/wp-content\/uploads\/IMG_4045-Kopie-150x150.jpg\" class=\"attachment-thumbnail size-thumbnail\" alt=\"\" loading=\"lazy\" \/><\/a>\n\t\t\t<\/div><\/figure>\n\t\t<\/div>\n\n<p style=\"text-align: center;\"><strong>Unser A Wurf!<\/strong><\/p>\n<p style=\"text-align: center;\"><strong>Am 02.09.2021 haben 2 R\u00fcden das Licht der Welt erblickt!<\/strong><\/p>\n<p style=\"text-align: center;\">Mama: Nomination Chloe Bell &#8222;Kira&#8220;<br \/>\nPapa: Jack Daniels Wonder of Love<\/p>\n<figure id=\"attachment_8905\" aria-describedby=\"caption-attachment-8905\" style=\"width: 300px\" class=\"wp-caption aligncenter\"><a href=\"http:\/\/www.vom-sonnenbusch.eu\/wp-content\/uploads\/2021\/10\/IMG_20210928_213007-1.jpg\" rel=\"lightbox[7348]\"><img loading=\"lazy\" class=\"wp-image-8905 size-medium\" src=\"http:\/\/www.vom-sonnenbusch.eu\/wp-content\/uploads\/2021\/10\/IMG_20210928_213007-1-300x257.jpg\" alt=\"Amigo &amp; Angelo\" width=\"300\" height=\"257\" srcset=\"https:\/\/www.vom-sonnenbusch.eu\/wp-content\/uploads\/2021\/10\/IMG_20210928_213007-1-300x257.jpg 300w, https:\/\/www.vom-sonnenbusch.eu\/wp-content\/uploads\/2021\/10\/IMG_20210928_213007-1-1024x878.jpg 1024w, https:\/\/www.vom-sonnenbusch.eu\/wp-content\/uploads\/2021\/10\/IMG_20210928_213007-1-768x658.jpg 768w, https:\/\/www.vom-sonnenbusch.eu\/wp-content\/uploads\/2021\/10\/IMG_20210928_213007-1-1536x1317.jpg 1536w, https:\/\/www.vom-sonnenbusch.eu\/wp-content\/uploads\/2021\/10\/IMG_20210928_213007-1-2048x1756.jpg 2048w, https:\/\/www.vom-sonnenbusch.eu\/wp-content\/uploads\/2021\/10\/IMG_20210928_213007-1-1200x1029.jpg 1200w\" sizes=\"(max-width: 300px) 85vw, 300px\" \/><\/a><figcaption id=\"caption-attachment-8905\" class=\"wp-caption-text\">Amigo &amp; Angelo<\/figcaption><\/figure>\n<p>Amigo<a href=\"http:\/\/www.vom-sonnenbusch.eu\/wp-content\/uploads\/2021\/10\/Amigo-2.jpg\" rel=\"lightbox[7348]\"><img loading=\"lazy\" class=\"aligncenter wp-image-8918 size-medium\" src=\"http:\/\/www.vom-sonnenbusch.eu\/wp-content\/uploads\/2021\/10\/Amigo-2-242x300.jpg\" alt=\"\" width=\"242\" height=\"300\" srcset=\"https:\/\/www.vom-sonnenbusch.eu\/wp-content\/uploads\/2021\/10\/Amigo-2-242x300.jpg 242w, https:\/\/www.vom-sonnenbusch.eu\/wp-content\/uploads\/2021\/10\/Amigo-2-825x1024.jpg 825w, https:\/\/www.vom-sonnenbusch.eu\/wp-content\/uploads\/2021\/10\/Amigo-2-768x953.jpg 768w, https:\/\/www.vom-sonnenbusch.eu\/wp-content\/uploads\/2021\/10\/Amigo-2-1238x1536.jpg 1238w, https:\/\/www.vom-sonnenbusch.eu\/wp-content\/uploads\/2021\/10\/Amigo-2-1651x2048.jpg 1651w, https:\/\/www.vom-sonnenbusch.eu\/wp-content\/uploads\/2021\/10\/Amigo-2-1200x1489.jpg 1200w, https:\/\/www.vom-sonnenbusch.eu\/wp-content\/uploads\/2021\/10\/Amigo-2.jpg 1824w\" sizes=\"(max-width: 242px) 85vw, 242px\" \/><\/a><\/p>\n<p style=\"text-align: center;\"><a href=\"http:\/\/www.vom-sonnenbusch.eu\/wp-content\/uploads\/2021\/10\/Amigo-scaled.jpg\" rel=\"lightbox[7348]\"><img loading=\"lazy\" class=\"aligncenter wp-image-8914 size-medium\" src=\"http:\/\/www.vom-sonnenbusch.eu\/wp-content\/uploads\/2021\/10\/Amigo-300x230.jpg\" alt=\"\" width=\"300\" height=\"230\" srcset=\"https:\/\/www.vom-sonnenbusch.eu\/wp-content\/uploads\/2021\/10\/Amigo-300x230.jpg 300w, https:\/\/www.vom-sonnenbusch.eu\/wp-content\/uploads\/2021\/10\/Amigo-1024x786.jpg 1024w, https:\/\/www.vom-sonnenbusch.eu\/wp-content\/uploads\/2021\/10\/Amigo-768x589.jpg 768w, https:\/\/www.vom-sonnenbusch.eu\/wp-content\/uploads\/2021\/10\/Amigo-1536x1179.jpg 1536w, https:\/\/www.vom-sonnenbusch.eu\/wp-content\/uploads\/2021\/10\/Amigo-2048x1572.jpg 2048w, https:\/\/www.vom-sonnenbusch.eu\/wp-content\/uploads\/2021\/10\/Amigo-1200x921.jpg 1200w\" sizes=\"(max-width: 300px) 85vw, 300px\" \/><\/a><\/p>\n<p style=\"text-align: center;\"><strong> <a href=\"http:\/\/www.vom-sonnenbusch.eu\/wp-content\/uploads\/2021\/10\/Amigo-3-scaled.jpg\" rel=\"lightbox[7348]\"><img loading=\"lazy\" class=\"aligncenter wp-image-8916 size-medium\" src=\"http:\/\/www.vom-sonnenbusch.eu\/wp-content\/uploads\/2021\/10\/Amigo-3-300x216.jpg\" alt=\"\" width=\"300\" height=\"216\" srcset=\"https:\/\/www.vom-sonnenbusch.eu\/wp-content\/uploads\/2021\/10\/Amigo-3-300x216.jpg 300w, https:\/\/www.vom-sonnenbusch.eu\/wp-content\/uploads\/2021\/10\/Amigo-3-1024x737.jpg 1024w, https:\/\/www.vom-sonnenbusch.eu\/wp-content\/uploads\/2021\/10\/Amigo-3-768x553.jpg 768w, https:\/\/www.vom-sonnenbusch.eu\/wp-content\/uploads\/2021\/10\/Amigo-3-1536x1106.jpg 1536w, https:\/\/www.vom-sonnenbusch.eu\/wp-content\/uploads\/2021\/10\/Amigo-3-2048x1474.jpg 2048w, https:\/\/www.vom-sonnenbusch.eu\/wp-content\/uploads\/2021\/10\/Amigo-3-1200x864.jpg 1200w\" sizes=\"(max-width: 300px) 85vw, 300px\" \/><\/a><\/strong><\/p>\n<p style=\"text-align: left;\">Angelo<\/p>\n<p style=\"text-align: center;\"><a href=\"http:\/\/www.vom-sonnenbusch.eu\/wp-content\/uploads\/2021\/10\/IMG_20211023_104604_2.jpg\" rel=\"lightbox[7348]\"><img loading=\"lazy\" class=\"aligncenter wp-image-8922 size-medium\" src=\"http:\/\/www.vom-sonnenbusch.eu\/wp-content\/uploads\/2021\/10\/IMG_20211023_104604_2-300x279.jpg\" alt=\"\" width=\"300\" height=\"279\" srcset=\"https:\/\/www.vom-sonnenbusch.eu\/wp-content\/uploads\/2021\/10\/IMG_20211023_104604_2-300x279.jpg 300w, https:\/\/www.vom-sonnenbusch.eu\/wp-content\/uploads\/2021\/10\/IMG_20211023_104604_2-1024x952.jpg 1024w, https:\/\/www.vom-sonnenbusch.eu\/wp-content\/uploads\/2021\/10\/IMG_20211023_104604_2-768x714.jpg 768w, https:\/\/www.vom-sonnenbusch.eu\/wp-content\/uploads\/2021\/10\/IMG_20211023_104604_2-1536x1427.jpg 1536w, https:\/\/www.vom-sonnenbusch.eu\/wp-content\/uploads\/2021\/10\/IMG_20211023_104604_2-2048x1903.jpg 2048w, https:\/\/www.vom-sonnenbusch.eu\/wp-content\/uploads\/2021\/10\/IMG_20211023_104604_2-1200x1115.jpg 1200w\" sizes=\"(max-width: 300px) 85vw, 300px\" \/><\/a><\/p>\n<p style=\"text-align: center;\"><a href=\"http:\/\/www.vom-sonnenbusch.eu\/wp-content\/uploads\/2021\/10\/IMG_20211023_111728_2.jpg\" rel=\"lightbox[7348]\"><img loading=\"lazy\" class=\"aligncenter wp-image-8923 size-medium\" src=\"http:\/\/www.vom-sonnenbusch.eu\/wp-content\/uploads\/2021\/10\/IMG_20211023_111728_2-300x267.jpg\" alt=\"\" width=\"300\" height=\"267\" srcset=\"https:\/\/www.vom-sonnenbusch.eu\/wp-content\/uploads\/2021\/10\/IMG_20211023_111728_2-300x267.jpg 300w, https:\/\/www.vom-sonnenbusch.eu\/wp-content\/uploads\/2021\/10\/IMG_20211023_111728_2-1024x912.jpg 1024w, https:\/\/www.vom-sonnenbusch.eu\/wp-content\/uploads\/2021\/10\/IMG_20211023_111728_2-768x684.jpg 768w, https:\/\/www.vom-sonnenbusch.eu\/wp-content\/uploads\/2021\/10\/IMG_20211023_111728_2-1536x1367.jpg 1536w, https:\/\/www.vom-sonnenbusch.eu\/wp-content\/uploads\/2021\/10\/IMG_20211023_111728_2-2048x1823.jpg 2048w, https:\/\/www.vom-sonnenbusch.eu\/wp-content\/uploads\/2021\/10\/IMG_20211023_111728_2-1200x1068.jpg 1200w\" sizes=\"(max-width: 300px) 85vw, 300px\" \/><\/a><\/p>\n<p style=\"text-align: center;\"><a href=\"http:\/\/www.vom-sonnenbusch.eu\/wp-content\/uploads\/2021\/10\/IMG_20211023_111000.jpg\" rel=\"lightbox[7348]\"><img loading=\"lazy\" class=\"aligncenter wp-image-8924 size-medium\" src=\"http:\/\/www.vom-sonnenbusch.eu\/wp-content\/uploads\/2021\/10\/IMG_20211023_111000-287x300.jpg\" alt=\"\" width=\"287\" height=\"300\" srcset=\"https:\/\/www.vom-sonnenbusch.eu\/wp-content\/uploads\/2021\/10\/IMG_20211023_111000-287x300.jpg 287w, https:\/\/www.vom-sonnenbusch.eu\/wp-content\/uploads\/2021\/10\/IMG_20211023_111000-979x1024.jpg 979w, https:\/\/www.vom-sonnenbusch.eu\/wp-content\/uploads\/2021\/10\/IMG_20211023_111000-768x803.jpg 768w, https:\/\/www.vom-sonnenbusch.eu\/wp-content\/uploads\/2021\/10\/IMG_20211023_111000-1468x1536.jpg 1468w, https:\/\/www.vom-sonnenbusch.eu\/wp-content\/uploads\/2021\/10\/IMG_20211023_111000-1200x1255.jpg 1200w, https:\/\/www.vom-sonnenbusch.eu\/wp-content\/uploads\/2021\/10\/IMG_20211023_111000.jpg 1761w\" sizes=\"(max-width: 287px) 85vw, 287px\" \/><\/a><\/p>\n<p>&nbsp;<\/p>\n<p>&nbsp;<\/p>\n<p>&nbsp;<\/p>\n","protected":false},"excerpt":{"rendered":"<p>Nomination Chloe Bell &#8222;Kira&#8220; Geboren: 02.02.2018Farbe: wei\u00dfVater: Romantic Show Intenso BlissMutter: Nomination EspritAhnentafel: Verband Deutscher Kleinhundez\u00fcchter e.V. im VDH (FCI) Ausstellung 22.09.2019 in Oer-Erkenschwick &nbsp; &nbsp; Unser A Wurf! Am 02.09.2021 haben 2 R\u00fcden das Licht der Welt erblickt! Mama: Nomination Chloe Bell &#8222;Kira&#8220; Papa: Jack Daniels Wonder of Love Amigo Angelo &nbsp; &nbsp; &nbsp;<\/p>\n","protected":false},"author":1,"featured_media":0,"parent":7341,"menu_order":2,"comment_status":"closed","ping_status":"closed","template":"","meta":[],"_links":{"self":[{"href":"https:\/\/www.vom-sonnenbusch.eu\/index.php?rest_route=\/wp\/v2\/pages\/7348"}],"collection":[{"href":"https:\/\/www.vom-sonnenbusch.eu\/index.php?rest_route=\/wp\/v2\/pages"}],"about":[{"href":"https:\/\/www.vom-sonnenbusch.eu\/index.php?rest_route=\/wp\/v2\/types\/page"}],"author":[{"embeddable":true,"href":"https:\/\/www.vom-sonnenbusch.eu\/index.php?rest_route=\/wp\/v2\/users\/1"}],"replies":[{"embeddable":true,"href":"https:\/\/www.vom-sonnenbusch.eu\/index.php?rest_route=%2Fwp%2Fv2%2Fcomments&post=7348"}],"version-history":[{"count":55,"href":"https:\/\/www.vom-sonnenbusch.eu\/index.php?rest_route=\/wp\/v2\/pages\/7348\/revisions"}],"predecessor-version":[{"id":8933,"href":"https:\/\/www.vom-sonnenbusch.eu\/index.php?rest_route=\/wp\/v2\/pages\/7348\/revisions\/8933"}],"up":[{"embeddable":true,"href":"https:\/\/www.vom-sonnenbusch.eu\/index.php?rest_route=\/wp\/v2\/pages\/7341"}],"wp:attachment":[{"href":"https:\/\/www.vom-sonnenbusch.eu\/index.php?rest_route=%2Fwp%2Fv2%2Fmedia&parent=7348"}],"curies":[{"name":"wp","href":"https:\/\/api.w.org\/{rel}","templated":true}]}}