{"id":2538,"date":"2011-12-26T05:23:05","date_gmt":"2011-12-26T04:23:05","guid":{"rendered":"http:\/\/www.vom-sonnenbusch.eu\/?page_id=2538"},"modified":"2025-01-05T10:40:01","modified_gmt":"2025-01-05T09:40:01","slug":"heilige-birma-vom-sonnenbusch","status":"publish","type":"page","link":"https:\/\/www.vom-sonnenbusch.eu\/","title":{"rendered":""},"content":{"rendered":"<p>&nbsp;<\/p>\n<p style=\"color: #2776b1; font-size: 1px;\">Wir haben Kitten!<\/p>\n<h6 style=\"text-align: center;\"><\/h6>\n<p style=\"text-align: center;\"><span style=\"font-size: 22px;\"><span style=\"font-family: arial,helvetica,sans-serif;\">Herzlich Willkommen auf unserer Homepage.<br \/>\nViel Spa\u00df beim St\u00f6bern auf unseren Seiten.<br \/>\n\u00dcber einen Pfotenabdruck w\u00fcrden wir uns freuen.<\/span><\/span><\/p>\n<p><a href=\"http:\/\/www.vom-sonnenbusch.eu\/wp-content\/uploads\/2010\/03\/2cat2.gif\" rel=\"lightbox[2538]\"><img loading=\"lazy\" class=\"wp-image-2332 aligncenter\" src=\"http:\/\/www.vom-sonnenbusch.eu\/wp-content\/uploads\/2010\/03\/2cat2.gif\" alt=\"\" width=\"100\" height=\"68\" \/><\/a><a href=\"http:\/\/www.vom-sonnenbusch.eu\/wp-content\/uploads\/Bild4.gif\" rel=\"lightbox[2538]\"><img loading=\"lazy\" class=\"aligncenter wp-image-7324 size-full\" src=\"http:\/\/www.vom-sonnenbusch.eu\/wp-content\/uploads\/Bild4.gif\" alt=\"\" width=\"500\" height=\"497\" \/><\/a><\/p>\n<p>&nbsp;<\/p>\n<p>&nbsp;<\/p>\n<p><a href=\"http:\/\/www.vom-sonnenbusch.eu\/wp-content\/uploads\/2010\/03\/9870011.gif\" rel=\"lightbox[2538]\"><img loading=\"lazy\" class=\"wp-image-2328 size-full aligncenter\" title=\"9870011\" src=\"http:\/\/www.vom-sonnenbusch.eu\/wp-content\/uploads\/2010\/03\/9870011.gif\" alt=\"\" width=\"116\" height=\"53\" \/><\/a><\/p>\n","protected":false},"excerpt":{"rendered":"<p>&nbsp; Wir haben Kitten! Herzlich Willkommen auf unserer Homepage. Viel Spa\u00df beim St\u00f6bern auf unseren Seiten. \u00dcber einen Pfotenabdruck w\u00fcrden wir uns freuen. &nbsp; &nbsp;<\/p>\n","protected":false},"author":1,"featured_media":0,"parent":0,"menu_order":0,"comment_status":"closed","ping_status":"closed","template":"","meta":[],"_links":{"self":[{"href":"https:\/\/www.vom-sonnenbusch.eu\/index.php?rest_route=\/wp\/v2\/pages\/2538"}],"collection":[{"href":"https:\/\/www.vom-sonnenbusch.eu\/index.php?rest_route=\/wp\/v2\/pages"}],"about":[{"href":"https:\/\/www.vom-sonnenbusch.eu\/index.php?rest_route=\/wp\/v2\/types\/page"}],"author":[{"embeddable":true,"href":"https:\/\/www.vom-sonnenbusch.eu\/index.php?rest_route=\/wp\/v2\/users\/1"}],"replies":[{"embeddable":true,"href":"https:\/\/www.vom-sonnenbusch.eu\/index.php?rest_route=%2Fwp%2Fv2%2Fcomments&post=2538"}],"version-history":[{"count":254,"href":"https:\/\/www.vom-sonnenbusch.eu\/index.php?rest_route=\/wp\/v2\/pages\/2538\/revisions"}],"predecessor-version":[{"id":9393,"href":"https:\/\/www.vom-sonnenbusch.eu\/index.php?rest_route=\/wp\/v2\/pages\/2538\/revisions\/9393"}],"wp:attachment":[{"href":"https:\/\/www.vom-sonnenbusch.eu\/index.php?rest_route=%2Fwp%2Fv2%2Fmedia&parent=2538"}],"curies":[{"name":"wp","href":"https:\/\/api.w.org\/{rel}","templated":true}]}}